{"id":16,"date":"2017-05-09T13:23:48","date_gmt":"2017-05-09T06:23:48","guid":{"rendered":"http:\/\/localhost\/wp\/id\/?page_id=16"},"modified":"2017-05-11T16:59:11","modified_gmt":"2017-05-11T09:59:11","slug":"rules","status":"publish","type":"page","link":"https:\/\/vfde.vn\/account\/rules\/","title":{"rendered":"Quy\u1ec1n v\u00e0 ngh\u0129a v\u1ee5"},"content":{"rendered":"<p><strong>1.\u00a0L\u1ee3i \u00edch khi tr\u1edf th\u00e0nh th\u00e0nh vi\u00ean c\u1ee7a Li\u00ean Chi H\u1ed9i N\u1ed9i Soi Ti\u00eau H\u00f3a Vi\u1ec7t Nam (VFDE)<\/strong><\/p>\n<ul style=\"list-style-type: square;\">\n<li>Truy c\u1eadp tr\u1ef1c tuy\u1ebfn c\u00e1c th\u00f4ng tin, t\u00e0i li\u1ec7u chuy\u00ean ng\u00e0nh N\u1ed9i soi ti\u00eau h\u00f3a h\u1eefu \u00edch v\u00e0 c\u1eadp nh\u1eadt li\u00ean t\u1ee5c c\u1ee7a VFDE.<\/li>\n<li>C\u01a1 h\u1ed9i ti\u1ebfp c\u1eadn c\u00e1c ph\u01b0\u01a1ng ph\u00e1p, k\u1ef9 thu\u1eadt, c\u00f4ng ngh\u1ec7 m\u1edbi nh\u1ea5t v\u1ec1 n\u1ed9i soi ti\u00eau h\u00f3a.<\/li>\n<li>C\u01a1 h\u1ed9i h\u1ecdc t\u1eadp \u0111\u00e0o t\u1ea1o \u0111\u1ec3 n\u00e2ng cao n\u0103ng l\u1ef1c v\u00e0 k\u1ef9 n\u0103ng th\u1ef1c h\u00e0nh, c\u00e1c ph\u01b0\u01a1ng ph\u00e1p ch\u1ea9n \u0111o\u00e1n v\u00e0 \u0111i\u1ec1u tr\u1ecb n\u1ed9i soi cho b\u1ec7nh nh\u00e2n.<\/li>\n<li>\u0110\u01b0\u1ee3c \u01b0u ti\u00ean \u0111\u0103ng k\u00fd tham gia c\u00e1c l\u1edbp t\u1eadp hu\u1ea5n, h\u1ed9i th\u1ea3o chuy\u00ean \u0111\u1ec1 v\u1ec1 n\u1ed9i soi ti\u00eau h\u00f3a c\u00f9ng c\u00e1c chuy\u00ean gia trong v\u00e0 ngo\u00e0i n\u01b0\u1edbc.<\/li>\n<li>Trao \u0111\u1ed5i, th\u1ea3o lu\u1eadn c\u00f9ng c\u00e1c chuy\u00ean gia h\u00e0ng \u0111\u1ea7u trong l\u0129nh v\u1ef1c N\u1ed9i soi ti\u00eau h\u00f3a.<\/li>\n<li>Ch\u1ee9ng nh\u1eadn th\u00e0nh vi\u00ean v\u00e0 nh\u1eadn c\u00e1c \u01b0u \u0111\u00e3i khi tham gia c\u00e1c kh\u00f3a h\u1ecdc, h\u1ed9i th\u1ea3o do VFDE\u00a0t\u1ed5 ch\u1ee9c v\u00e0 c\u00e1c l\u1ee3i \u00edch thi\u1ebft th\u1ef1c kh\u00e1c m\u00e0 ch\u1ec9 c\u00f3 th\u00e0nh vi\u00ean c\u1ee7a VFDE\u00a0m\u1edbi nh\u1eadn \u0111\u01b0\u1ee3c.<\/li>\n<\/ul>\n<p><strong>2. Tr\u00e1ch nhi\u1ec7m khi tr\u1edf th\u00e0nh th\u00e0nh vi\u00ean c\u1ee7a VFDE:<\/strong><\/p>\n<ul style=\"list-style-type: square;\">\n<li>Tu\u00e2n th\u1ee7 \u0111i\u1ec1u l\u1ec7, quy \u0111\u1ecbnh c\u1ee7a VFDE, ph\u00e1p lu\u1eadt nh\u00e0 n\u01b0\u1edbc.<\/li>\n<li>Tham gia \u0111\u1ea7y \u0111\u1ee7, t\u00edch c\u1ef1c c\u00e1c ho\u1ea1t \u0111\u1ed9ng c\u1ee7a VFDE, \u0111\u1ed3ng th\u1eddi gi\u1edbi thi\u1ec7u v\u00e0 ph\u00e1t tri\u1ec3n h\u1ed9i vi\u00ean m\u1edbi.<\/li>\n<li>Tham gia \u0111\u00f3ng g\u00f3p \u00fd ki\u1ebfn, \u0111\u00f3ng g\u00f3p b\u00e0i vi\u1ebft v\u1ec1 c\u00e1c ch\u1ee7 \u0111\u1ec1 nghi\u00ean c\u1ee9u.<\/li>\n<li>\u0110\u00f3ng ph\u00ed th\u01b0\u1eddng ni\u00ean \u0111\u00fang h\u1ea1n.<\/li>\n<\/ul>\n<p><strong>3. \u0110\u0103ng k\u00fd th\u00e0nh vi\u00ean v\u00e0 ph\u00ed:<\/strong><\/p>\n<ul style=\"list-style-type: square;\">\n<li>\u0110\u1ec3 tr\u1edf th\u00e0nh th\u00e0nh vi\u00ean c\u1ee7a VFDE, vui l\u00f2ng\u00a0truy c\u1eadp: <strong>vfde.vn \u2192 Th\u00e0nh vi\u00ean \u2192 \u0110\u0103ng k\u00fd th\u00e0nh vi\u00ean v\u00e0 \u0111i\u1ec1n \u0111\u1ea7y \u0111\u1ee7 th\u00f4ng tin<\/strong>. Ngay sau khi \u0111\u0103ng k\u00fd th\u00e0nh c\u00f4ng, b\u1ea1n s\u1ebd nh\u1eadn \u0111\u01b0\u1ee3c th\u00f4ng b\u00e1o qua email. Ban th\u01b0 k\u00fd c\u1ee7a VFDE s\u1ebd li\u00ean h\u1ec7 v\u1edbi b\u1ea1n \u0111\u1ec3 ho\u00e0n t\u1ea5t v\u00e0 x\u00e1c th\u1ef1c vi\u1ec7c \u0111\u0103ng k\u00fd.<\/li>\n<li>Ph\u00ed h\u00e0ng n\u0103m \u0111\u1ed1i v\u1edbi th\u00e0nh vi\u00ean c\u1ee7a VFDE l\u00e0 300.000 \u0111\u1ed3ng, ph\u00ed n\u00e0y \u0111\u01b0\u1ee3c t\u00ednh t\u1eeb ng\u00e0y b\u1ea1n \u0111\u01b0\u1ee3c th\u00f4ng b\u00e1o l\u00e0 th\u00e0nh vi\u00ean ch\u00ednh th\u1ee9c c\u1ee7a VFDE.<\/li>\n<\/ul>\n<p><strong>\u0110\u1ec3 bi\u1ebft th\u00eam th\u00f4ng tin li\u00ean quan \u0111\u1ebfn vi\u1ec7c \u0111\u0103ng k\u00fd th\u00e0nh vi\u00ean VFDE, xin vui l\u00f2ng li\u00ean h\u1ec7 v\u1edbi ch\u00fang t\u00f4i qua email: membership.vfde@gmail.com<\/strong><\/p>\n","protected":false},"excerpt":{"rendered":"<p>1.\u00a0L\u1ee3i \u00edch khi tr\u1edf th\u00e0nh th\u00e0nh vi\u00ean c\u1ee7a Li\u00ean Chi H\u1ed9i N\u1ed9i Soi Ti\u00eau H\u00f3a Vi\u1ec7t Nam (VFDE) Truy c\u1eadp tr\u1ef1c tuy\u1ebfn c\u00e1c th\u00f4ng tin, t\u00e0i li\u1ec7u chuy\u00ean ng\u00e0nh N\u1ed9i soi ti\u00eau h\u00f3a h\u1eefu \u00edch v\u00e0 c\u1eadp nh\u1eadt li\u00ean t\u1ee5c c\u1ee7a VFDE. C\u01a1 h\u1ed9i ti\u1ebfp c\u1eadn c\u00e1c ph\u01b0\u01a1ng ph\u00e1p, k\u1ef9 thu\u1eadt, c\u00f4ng ngh\u1ec7 m\u1edbi nh\u1ea5t [&hellip;]<\/p>\n","protected":false},"author":1,"featured_media":0,"parent":0,"menu_order":5,"comment_status":"closed","ping_status":"closed","template":"","meta":{"footnotes":""},"class_list":["post-16","page","type-page","status-publish","hentry"],"_links":{"self":[{"href":"https:\/\/vfde.vn\/account\/wp-json\/wp\/v2\/pages\/16","targetHints":{"allow":["GET"]}}],"collection":[{"href":"https:\/\/vfde.vn\/account\/wp-json\/wp\/v2\/pages"}],"about":[{"href":"https:\/\/vfde.vn\/account\/wp-json\/wp\/v2\/types\/page"}],"author":[{"embeddable":true,"href":"https:\/\/vfde.vn\/account\/wp-json\/wp\/v2\/users\/1"}],"replies":[{"embeddable":true,"href":"https:\/\/vfde.vn\/account\/wp-json\/wp\/v2\/comments?post=16"}],"version-history":[{"count":2,"href":"https:\/\/vfde.vn\/account\/wp-json\/wp\/v2\/pages\/16\/revisions"}],"predecessor-version":[{"id":23,"href":"https:\/\/vfde.vn\/account\/wp-json\/wp\/v2\/pages\/16\/revisions\/23"}],"wp:attachment":[{"href":"https:\/\/vfde.vn\/account\/wp-json\/wp\/v2\/media?parent=16"}],"curies":[{"name":"wp","href":"https:\/\/api.w.org\/{rel}","templated":true}]}}