{"id":9,"date":"2017-05-08T22:08:11","date_gmt":"2017-05-08T15:08:11","guid":{"rendered":"http:\/\/localhost\/wp\/id\/?page_id=9"},"modified":"2017-05-11T11:18:23","modified_gmt":"2017-05-11T04:18:23","slug":"register","status":"publish","type":"page","link":"https:\/\/vfde.vn\/account\/register\/","title":{"rendered":"\u0110\u0103ng k\u00fd t\u00e0i kho\u1ea3n"},"content":{"rendered":"","protected":false},"excerpt":{"rendered":"","protected":false},"author":1,"featured_media":0,"parent":0,"menu_order":1,"comment_status":"closed","ping_status":"closed","template":"templates\/register.php","meta":{"footnotes":""},"class_list":["post-9","page","type-page","status-publish","hentry"],"_links":{"self":[{"href":"https:\/\/vfde.vn\/account\/wp-json\/wp\/v2\/pages\/9","targetHints":{"allow":["GET"]}}],"collection":[{"href":"https:\/\/vfde.vn\/account\/wp-json\/wp\/v2\/pages"}],"about":[{"href":"https:\/\/vfde.vn\/account\/wp-json\/wp\/v2\/types\/page"}],"author":[{"embeddable":true,"href":"https:\/\/vfde.vn\/account\/wp-json\/wp\/v2\/users\/1"}],"replies":[{"embeddable":true,"href":"https:\/\/vfde.vn\/account\/wp-json\/wp\/v2\/comments?post=9"}],"version-history":[{"count":2,"href":"https:\/\/vfde.vn\/account\/wp-json\/wp\/v2\/pages\/9\/revisions"}],"predecessor-version":[{"id":22,"href":"https:\/\/vfde.vn\/account\/wp-json\/wp\/v2\/pages\/9\/revisions\/22"}],"wp:attachment":[{"href":"https:\/\/vfde.vn\/account\/wp-json\/wp\/v2\/media?parent=9"}],"curies":[{"name":"wp","href":"https:\/\/api.w.org\/{rel}","templated":true}]}}